{"id":140,"date":"2024-12-03T09:55:34","date_gmt":"2024-12-03T08:55:34","guid":{"rendered":"https:\/\/klinik.csb-dev.de\/ru\/?page_id=140"},"modified":"2024-12-03T09:57:16","modified_gmt":"2024-12-03T08:57:16","slug":"imprint","status":"publish","type":"page","link":"https:\/\/klinikum-doebeln.de\/ru\/imprint\/","title":{"rendered":"Imprint"},"content":{"rendered":"\n<style type=\"text\/css\" data-created_by=\"avia_inline_auto\" id=\"style-css-av-m48846kq-a8b2dd717a24bf6d2f073b9e750d9c9f\">\n#top .av-special-heading.av-m48846kq-a8b2dd717a24bf6d2f073b9e750d9c9f{\npadding-bottom:10px;\n}\nbody .av-special-heading.av-m48846kq-a8b2dd717a24bf6d2f073b9e750d9c9f .av-special-heading-tag .heading-char{\nfont-size:25px;\n}\n.av-special-heading.av-m48846kq-a8b2dd717a24bf6d2f073b9e750d9c9f .av-subheading{\nfont-size:15px;\n}\n<\/style>\n<div  class='av-special-heading av-m48846kq-a8b2dd717a24bf6d2f073b9e750d9c9f av-special-heading-h1 blockquote modern-quote  avia-builder-el-0  el_before_av_hr  avia-builder-el-first '><h1 class='av-special-heading-tag '  itemprop=\"headline\"  >Imprint<\/h1><div class=\"special-heading-border\"><div class=\"special-heading-inner-border\"><\/div><\/div><\/div>\n\n<style type=\"text\/css\" data-created_by=\"avia_inline_auto\" id=\"style-css-av-m4886hqk-39cdba3c0236b74145bff1b3bbaf9c1d\">\n#top .hr.av-m4886hqk-39cdba3c0236b74145bff1b3bbaf9c1d{\nmargin-top:0px;\nmargin-bottom:30px;\n}\n.hr.av-m4886hqk-39cdba3c0236b74145bff1b3bbaf9c1d .hr-inner{\nwidth:60px;\nborder-color:#67acdb;\n}\n<\/style>\n<div  class='hr av-m4886hqk-39cdba3c0236b74145bff1b3bbaf9c1d hr-custom  avia-builder-el-1  el_after_av_heading  el_before_av_textblock  hr-left hr-icon-no'><span class='hr-inner inner-border-av-border-fat'><span class=\"hr-inner-style\"><\/span><\/span><\/div>\n<section  class='av_textblock_section av-m4884ply-07dc36cbd5823a1fc45f40faf0bc6ee5 '   itemscope=\"itemscope\" itemtype=\"https:\/\/schema.org\/CreativeWork\" ><div class='avia_textblock'  itemprop=\"text\" ><div class=\"ce_leadertext mb-0 first version1 align-left block mt-default mb-default mt-default-s mt-default-s\">\n<div class=\"ce_headline attribute headline\">\n<h2 class=\"attribute ce_headline headline\">Site Notice<\/h2>\n<\/div>\n<div class=\"divider\">\n<div class=\"divider-first\">\n<div class=\"divider-second\"><\/div>\n<\/div>\n<\/div>\n<\/div>\n<div class=\"ce_text block\">\n<h3>Information pursuant to Sect. 5 German Telemedia Act (TMG)<\/h3>\n<p>Klinikum D\u00f6beln GmbH<br \/>\nS\u00f6rmitzer Str. 10<br \/>\n04720 D\u00f6beln<\/p>\n<p>Dr. med. Ralf Lange<br \/>\nS\u00f6rmitzer Str. 10<br \/>\n04720 D\u00f6beln<\/p>\n<p>Handelsregister: HRB 25510<br \/>\nRegistergericht: Amtsgericht Chemnitz<\/p>\n<p><strong>Represented by:<br \/>\n<\/strong>vertreten durch den Gesch\u00e4ftsf\u00fchrer und \u00e4rztlichen Direktor: Dr. med. Ralf Lange<\/p>\n<p><strong>Institution identification:<\/strong>\u00a0261430046<\/p>\n<\/div>\n<div class=\"ce_text block\">\n<h3>Contact<\/h3>\n<p>Telefon: 03431 722 0<br \/>\nTelefax: 03431 722 250<br \/>\nE-Mail:\u00a0<a class=\"email\" href=\"mailto:info@klinikum-doebeln.de\">info@klinikum-doebeln.de<\/a><\/p>\n<\/div>\n<div class=\"ce_text block\">\n<h3>VAT ID<\/h3>\n<p>Sales tax identification number according to Sect. 27 a of the Sales Tax Law:<br \/>\nDE 815 225 073<\/p>\n<\/div>\n<div class=\"ce_text block\">\n<h3>Responsible for the content according to Sect. 55, paragraph 2 RStV<\/h3>\n<div class=\"ce_text block\">\n<p>Klinikum D\u00f6beln GmbH<br \/>\nDr. med. Ralf Lange<br \/>\nS\u00f6rmitzer Str. 10<br \/>\n04720 D\u00f6beln<\/p>\n<\/div>\n<\/div>\n<div class=\"ce_text block\">\n<h3>EU dispute resolution<\/h3>\n<p>The European Commission provides a platform for online dispute resolution (ODR):\u00a0<a href=\"https:\/\/ec.europa.eu\/consumers\/odr\" target=\"_blank\" rel=\"noopener noreferrer\">https:\/\/ec.europa.eu\/consumers\/odr<\/a>.<br \/>\nOur e-mail address can be found above in the site notice.<\/p>\n<\/div>\n<div class=\"ce_text block\">\n<h3>Dispute resolution proceedings in front of a consumer arbitration board<\/h3>\n<div class=\"content2copy\">\n<div class=\"content2copy\">\n<p>We are not willing or obliged to participate in dispute resolution proceedings in front of a consumer arbitration board.<\/p>\n<\/div>\n<\/div>\n<\/div>\n<\/div><\/section>\n","protected":false},"excerpt":{"rendered":"","protected":false},"author":1,"featured_media":0,"parent":0,"menu_order":0,"comment_status":"closed","ping_status":"closed","template":"","meta":{"footnotes":""},"folder":[],"class_list":["post-140","page","type-page","status-publish","hentry"],"yoast_head":"<!-- This site is optimized with the Yoast SEO plugin v27.3 - https:\/\/yoast.com\/product\/yoast-seo-wordpress\/ -->\n<title>Imprint - RU | Klinikum D\u00f6beln<\/title>\n<meta name=\"robots\" content=\"index, follow, max-snippet:-1, max-image-preview:large, max-video-preview:-1\" \/>\n<link rel=\"canonical\" href=\"https:\/\/klinikum-doebeln.de\/ru\/imprint\/\" \/>\n<meta property=\"og:locale\" content=\"de_DE\" \/>\n<meta property=\"og:type\" content=\"article\" \/>\n<meta property=\"og:title\" content=\"Imprint - RU | Klinikum D\u00f6beln\" \/>\n<meta property=\"og:url\" content=\"https:\/\/klinikum-doebeln.de\/ru\/imprint\/\" \/>\n<meta property=\"og:site_name\" content=\"RU | Klinikum D\u00f6beln\" \/>\n<meta property=\"article:modified_time\" content=\"2024-12-03T08:57:16+00:00\" \/>\n<meta name=\"twitter:card\" content=\"summary_large_image\" \/>\n<meta name=\"twitter:label1\" content=\"Gesch\u00e4tzte Lesezeit\" \/>\n\t<meta name=\"twitter:data1\" content=\"1\u00a0Minute\" \/>\n<script type=\"application\/ld+json\" class=\"yoast-schema-graph\">{\"@context\":\"https:\\\/\\\/schema.org\",\"@graph\":[{\"@type\":\"WebPage\",\"@id\":\"https:\\\/\\\/klinikum-doebeln.de\\\/ru\\\/imprint\\\/\",\"url\":\"https:\\\/\\\/klinikum-doebeln.de\\\/ru\\\/imprint\\\/\",\"name\":\"Imprint - RU | Klinikum D\u00f6beln\",\"isPartOf\":{\"@id\":\"https:\\\/\\\/klinikum-doebeln.de\\\/ru\\\/#website\"},\"datePublished\":\"2024-12-03T08:55:34+00:00\",\"dateModified\":\"2024-12-03T08:57:16+00:00\",\"breadcrumb\":{\"@id\":\"https:\\\/\\\/klinikum-doebeln.de\\\/ru\\\/imprint\\\/#breadcrumb\"},\"inLanguage\":\"de\",\"potentialAction\":[{\"@type\":\"ReadAction\",\"target\":[\"https:\\\/\\\/klinikum-doebeln.de\\\/ru\\\/imprint\\\/\"]}]},{\"@type\":\"BreadcrumbList\",\"@id\":\"https:\\\/\\\/klinikum-doebeln.de\\\/ru\\\/imprint\\\/#breadcrumb\",\"itemListElement\":[{\"@type\":\"ListItem\",\"position\":1,\"name\":\"Startseite\",\"item\":\"https:\\\/\\\/klinikum-doebeln.de\\\/ru\\\/\"},{\"@type\":\"ListItem\",\"position\":2,\"name\":\"Imprint\"}]},{\"@type\":\"WebSite\",\"@id\":\"https:\\\/\\\/klinikum-doebeln.de\\\/ru\\\/#website\",\"url\":\"https:\\\/\\\/klinikum-doebeln.de\\\/ru\\\/\",\"name\":\"RU | Klinikum D\u00f6beln\",\"description\":\"\",\"potentialAction\":[{\"@type\":\"SearchAction\",\"target\":{\"@type\":\"EntryPoint\",\"urlTemplate\":\"https:\\\/\\\/klinikum-doebeln.de\\\/ru\\\/?s={search_term_string}\"},\"query-input\":{\"@type\":\"PropertyValueSpecification\",\"valueRequired\":true,\"valueName\":\"search_term_string\"}}],\"inLanguage\":\"de\"}]}<\/script>\n<!-- \/ Yoast SEO plugin. -->","yoast_head_json":{"title":"Imprint - RU | Klinikum D\u00f6beln","robots":{"index":"index","follow":"follow","max-snippet":"max-snippet:-1","max-image-preview":"max-image-preview:large","max-video-preview":"max-video-preview:-1"},"canonical":"https:\/\/klinikum-doebeln.de\/ru\/imprint\/","og_locale":"de_DE","og_type":"article","og_title":"Imprint - RU | Klinikum D\u00f6beln","og_url":"https:\/\/klinikum-doebeln.de\/ru\/imprint\/","og_site_name":"RU | Klinikum D\u00f6beln","article_modified_time":"2024-12-03T08:57:16+00:00","twitter_card":"summary_large_image","twitter_misc":{"Gesch\u00e4tzte Lesezeit":"1\u00a0Minute"},"schema":{"@context":"https:\/\/schema.org","@graph":[{"@type":"WebPage","@id":"https:\/\/klinikum-doebeln.de\/ru\/imprint\/","url":"https:\/\/klinikum-doebeln.de\/ru\/imprint\/","name":"Imprint - RU | Klinikum D\u00f6beln","isPartOf":{"@id":"https:\/\/klinikum-doebeln.de\/ru\/#website"},"datePublished":"2024-12-03T08:55:34+00:00","dateModified":"2024-12-03T08:57:16+00:00","breadcrumb":{"@id":"https:\/\/klinikum-doebeln.de\/ru\/imprint\/#breadcrumb"},"inLanguage":"de","potentialAction":[{"@type":"ReadAction","target":["https:\/\/klinikum-doebeln.de\/ru\/imprint\/"]}]},{"@type":"BreadcrumbList","@id":"https:\/\/klinikum-doebeln.de\/ru\/imprint\/#breadcrumb","itemListElement":[{"@type":"ListItem","position":1,"name":"Startseite","item":"https:\/\/klinikum-doebeln.de\/ru\/"},{"@type":"ListItem","position":2,"name":"Imprint"}]},{"@type":"WebSite","@id":"https:\/\/klinikum-doebeln.de\/ru\/#website","url":"https:\/\/klinikum-doebeln.de\/ru\/","name":"RU | Klinikum D\u00f6beln","description":"","potentialAction":[{"@type":"SearchAction","target":{"@type":"EntryPoint","urlTemplate":"https:\/\/klinikum-doebeln.de\/ru\/?s={search_term_string}"},"query-input":{"@type":"PropertyValueSpecification","valueRequired":true,"valueName":"search_term_string"}}],"inLanguage":"de"}]}},"_links":{"self":[{"href":"https:\/\/klinikum-doebeln.de\/ru\/wp-json\/wp\/v2\/pages\/140","targetHints":{"allow":["GET"]}}],"collection":[{"href":"https:\/\/klinikum-doebeln.de\/ru\/wp-json\/wp\/v2\/pages"}],"about":[{"href":"https:\/\/klinikum-doebeln.de\/ru\/wp-json\/wp\/v2\/types\/page"}],"author":[{"embeddable":true,"href":"https:\/\/klinikum-doebeln.de\/ru\/wp-json\/wp\/v2\/users\/1"}],"replies":[{"embeddable":true,"href":"https:\/\/klinikum-doebeln.de\/ru\/wp-json\/wp\/v2\/comments?post=140"}],"version-history":[{"count":5,"href":"https:\/\/klinikum-doebeln.de\/ru\/wp-json\/wp\/v2\/pages\/140\/revisions"}],"predecessor-version":[{"id":142,"href":"https:\/\/klinikum-doebeln.de\/ru\/wp-json\/wp\/v2\/pages\/140\/revisions\/142"}],"wp:attachment":[{"href":"https:\/\/klinikum-doebeln.de\/ru\/wp-json\/wp\/v2\/media?parent=140"}],"wp:term":[{"taxonomy":"folder","embeddable":true,"href":"https:\/\/klinikum-doebeln.de\/ru\/wp-json\/wp\/v2\/folder?post=140"}],"curies":[{"name":"wp","href":"https:\/\/api.w.org\/{rel}","templated":true}]}}