{"id":53,"date":"2024-11-27T14:35:13","date_gmt":"2024-11-27T13:35:13","guid":{"rendered":"https:\/\/klinik.csb-dev.de\/en\/?page_id=53"},"modified":"2024-11-29T11:28:54","modified_gmt":"2024-11-29T10:28:54","slug":"imprint","status":"publish","type":"page","link":"https:\/\/klinikum-doebeln.de\/en\/imprint\/","title":{"rendered":"Imprint"},"content":{"rendered":"\n<style type=\"text\/css\" data-created_by=\"avia_inline_auto\" id=\"style-css-av-m42ljd3n-3864a9544d9522b8de35c473cc23f045\">\n#top .av-special-heading.av-m42ljd3n-3864a9544d9522b8de35c473cc23f045{\npadding-bottom:10px;\n}\nbody .av-special-heading.av-m42ljd3n-3864a9544d9522b8de35c473cc23f045 .av-special-heading-tag .heading-char{\nfont-size:25px;\n}\n.av-special-heading.av-m42ljd3n-3864a9544d9522b8de35c473cc23f045 .av-subheading{\nfont-size:15px;\n}\n<\/style>\n<div  class='av-special-heading av-m42ljd3n-3864a9544d9522b8de35c473cc23f045 av-special-heading-h1 blockquote modern-quote  avia-builder-el-0  el_before_av_hr  avia-builder-el-first '><h1 class='av-special-heading-tag '  itemprop=\"headline\"  >Site Notice<\/h1><div class=\"special-heading-border\"><div class=\"special-heading-inner-border\"><\/div><\/div><\/div>\n\n<style type=\"text\/css\" data-created_by=\"avia_inline_auto\" id=\"style-css-av-av_hr-eb61f41609bc6767f42a47f2b83f9bfc\">\n#top .hr.av-av_hr-eb61f41609bc6767f42a47f2b83f9bfc{\nmargin-top:0px;\nmargin-bottom:30px;\n}\n.hr.av-av_hr-eb61f41609bc6767f42a47f2b83f9bfc .hr-inner{\nwidth:60px;\nborder-color:#59aade;\n}\n<\/style>\n<div  class='hr av-av_hr-eb61f41609bc6767f42a47f2b83f9bfc hr-custom  avia-builder-el-1  el_after_av_heading  el_before_av_textblock  hr-left hr-icon-no'><span class='hr-inner inner-border-av-border-fat'><span class=\"hr-inner-style\"><\/span><\/span><\/div>\n<section  class='av_textblock_section av-m42llz9j-36d42737a15b190ce68ee219615ff674 '   itemscope=\"itemscope\" itemtype=\"https:\/\/schema.org\/CreativeWork\" ><div class='avia_textblock'  itemprop=\"text\" ><p>Klinikum D\u00f6beln GmbH<br \/>\nS\u00f6rmitzer Str. 10<br \/>\n04720 D\u00f6beln<\/p>\n<p>Dr. med. Ralf Lange<br \/>\nS\u00f6rmitzer Str. 10<br \/>\n04720 D\u00f6beln<\/p>\n<p>Handelsregister: HRB 25510<br \/>\nRegistergericht: Amtsgericht Chemnitz<\/p>\n<p><strong>Represented by:<br \/>\n<\/strong>vertreten durch den Gesch\u00e4ftsf\u00fchrer und \u00e4rztlichen Direktor: Dr. med. Ralf Lange<\/p>\n<p><strong>Institution identification:<\/strong>\u00a0261430046<\/p>\n<\/div><\/section>\n\n<style type=\"text\/css\" data-created_by=\"avia_inline_auto\" id=\"style-css-av-m42lmafk-b512bbeb7eac336f18e1ac405aaa6b21\">\n#top .av-special-heading.av-m42lmafk-b512bbeb7eac336f18e1ac405aaa6b21{\npadding-bottom:10px;\n}\nbody .av-special-heading.av-m42lmafk-b512bbeb7eac336f18e1ac405aaa6b21 .av-special-heading-tag .heading-char{\nfont-size:25px;\n}\n.av-special-heading.av-m42lmafk-b512bbeb7eac336f18e1ac405aaa6b21 .av-subheading{\nfont-size:15px;\n}\n<\/style>\n<div  class='av-special-heading av-m42lmafk-b512bbeb7eac336f18e1ac405aaa6b21 av-special-heading-h2 blockquote modern-quote  avia-builder-el-3  el_after_av_textblock  el_before_av_textblock '><h2 class='av-special-heading-tag '  itemprop=\"headline\"  >Contact<\/h2><div class=\"special-heading-border\"><div class=\"special-heading-inner-border\"><\/div><\/div><\/div>\n<section  class='av_textblock_section av-m42lmhk1-a5f027aba2a4ce38bbfa33d8bf3d7093 '   itemscope=\"itemscope\" itemtype=\"https:\/\/schema.org\/CreativeWork\" ><div class='avia_textblock'  itemprop=\"text\" ><p>Telefon: 03431 722 0<br \/>\nTelefax: 03431 722 250<br \/>\nE-Mail:\u00a0<a class=\"email\" href=\"mailto:info@klinikum-doebeln.de\">info@klinikum-doebeln.de<\/a><\/p>\n<\/div><\/section>\n\n<style type=\"text\/css\" data-created_by=\"avia_inline_auto\" id=\"style-css-av-m42ln273-d4856cf99e5d1f9351217ad2cc1ad7e4\">\n#top .av-special-heading.av-m42ln273-d4856cf99e5d1f9351217ad2cc1ad7e4{\npadding-bottom:10px;\n}\nbody .av-special-heading.av-m42ln273-d4856cf99e5d1f9351217ad2cc1ad7e4 .av-special-heading-tag .heading-char{\nfont-size:25px;\n}\n.av-special-heading.av-m42ln273-d4856cf99e5d1f9351217ad2cc1ad7e4 .av-subheading{\nfont-size:15px;\n}\n<\/style>\n<div  class='av-special-heading av-m42ln273-d4856cf99e5d1f9351217ad2cc1ad7e4 av-special-heading-h2 blockquote modern-quote  avia-builder-el-5  el_after_av_textblock  el_before_av_textblock '><h2 class='av-special-heading-tag '  itemprop=\"headline\"  >VAT ID<\/h2><div class=\"special-heading-border\"><div class=\"special-heading-inner-border\"><\/div><\/div><\/div>\n<section  class='av_textblock_section av-m42lnaoe-0d4133ad4e6e783e67068b9c8db933f6 '   itemscope=\"itemscope\" itemtype=\"https:\/\/schema.org\/CreativeWork\" ><div class='avia_textblock'  itemprop=\"text\" ><p>Sales tax identification number according to Sect. 27 a of the Sales Tax Law:<br \/>\nDE 815 225 073<\/p>\n<\/div><\/section>\n\n<style type=\"text\/css\" data-created_by=\"avia_inline_auto\" id=\"style-css-av-m42lnii3-da31938db7a3bc4f6f9213a54536b7bc\">\n#top .av-special-heading.av-m42lnii3-da31938db7a3bc4f6f9213a54536b7bc{\npadding-bottom:10px;\n}\nbody .av-special-heading.av-m42lnii3-da31938db7a3bc4f6f9213a54536b7bc .av-special-heading-tag .heading-char{\nfont-size:25px;\n}\n.av-special-heading.av-m42lnii3-da31938db7a3bc4f6f9213a54536b7bc .av-subheading{\nfont-size:15px;\n}\n<\/style>\n<div  class='av-special-heading av-m42lnii3-da31938db7a3bc4f6f9213a54536b7bc av-special-heading-h2 blockquote modern-quote  avia-builder-el-7  el_after_av_textblock  el_before_av_textblock '><h2 class='av-special-heading-tag '  itemprop=\"headline\"  >Responsible for the content according to Sect. 55, paragraph 2 RStV<\/h2><div class=\"special-heading-border\"><div class=\"special-heading-inner-border\"><\/div><\/div><\/div>\n<section  class='av_textblock_section av-m42lntjt-88d3a3e2300ec310d40fe45a83b37d0d '   itemscope=\"itemscope\" itemtype=\"https:\/\/schema.org\/CreativeWork\" ><div class='avia_textblock'  itemprop=\"text\" ><p>Klinikum D\u00f6beln GmbH<br \/>\nDr. med. Ralf Lange<br \/>\nS\u00f6rmitzer Str. 10<br \/>\n04720 D\u00f6beln<\/p>\n<\/div><\/section>\n\n<style type=\"text\/css\" data-created_by=\"avia_inline_auto\" id=\"style-css-av-m42lo1mw-ac98a7a696ddc7251d5eb569a6d84392\">\n#top .av-special-heading.av-m42lo1mw-ac98a7a696ddc7251d5eb569a6d84392{\npadding-bottom:10px;\n}\nbody .av-special-heading.av-m42lo1mw-ac98a7a696ddc7251d5eb569a6d84392 .av-special-heading-tag .heading-char{\nfont-size:25px;\n}\n.av-special-heading.av-m42lo1mw-ac98a7a696ddc7251d5eb569a6d84392 .av-subheading{\nfont-size:15px;\n}\n<\/style>\n<div  class='av-special-heading av-m42lo1mw-ac98a7a696ddc7251d5eb569a6d84392 av-special-heading-h2 blockquote modern-quote  avia-builder-el-9  el_after_av_textblock  el_before_av_textblock '><h2 class='av-special-heading-tag '  itemprop=\"headline\"  >EU dispute resolution<\/h2><div class=\"special-heading-border\"><div class=\"special-heading-inner-border\"><\/div><\/div><\/div>\n<section  class='av_textblock_section av-m42lo8b0-a38fc8a0e5402ccef38c7f395070801a '   itemscope=\"itemscope\" itemtype=\"https:\/\/schema.org\/CreativeWork\" ><div class='avia_textblock'  itemprop=\"text\" ><p>The European Commission provides a platform for online dispute resolution (ODR):\u00a0<a href=\"https:\/\/ec.europa.eu\/consumers\/odr\" target=\"_blank\" rel=\"noopener noreferrer\">https:\/\/ec.europa.eu\/consumers\/odr<\/a>.<br \/>\nOur e-mail address can be found above in the site notice.<\/p>\n<\/div><\/section>\n\n<style type=\"text\/css\" data-created_by=\"avia_inline_auto\" id=\"style-css-av-m42lofbf-8f71c4b9c9789db9d9a9f4d43afc7ac9\">\n#top .av-special-heading.av-m42lofbf-8f71c4b9c9789db9d9a9f4d43afc7ac9{\npadding-bottom:10px;\n}\nbody .av-special-heading.av-m42lofbf-8f71c4b9c9789db9d9a9f4d43afc7ac9 .av-special-heading-tag .heading-char{\nfont-size:25px;\n}\n.av-special-heading.av-m42lofbf-8f71c4b9c9789db9d9a9f4d43afc7ac9 .av-subheading{\nfont-size:15px;\n}\n<\/style>\n<div  class='av-special-heading av-m42lofbf-8f71c4b9c9789db9d9a9f4d43afc7ac9 av-special-heading-h2 blockquote modern-quote  avia-builder-el-11  el_after_av_textblock  el_before_av_textblock '><h2 class='av-special-heading-tag '  itemprop=\"headline\"  >Dispute resolution proceedings in front of a consumer arbitration board<\/h2><div class=\"special-heading-border\"><div class=\"special-heading-inner-border\"><\/div><\/div><\/div>\n<section  class='av_textblock_section av-m42looj7-ec26c547e72bac0718f421a258be934e '   itemscope=\"itemscope\" itemtype=\"https:\/\/schema.org\/CreativeWork\" ><div class='avia_textblock'  itemprop=\"text\" ><div class=\"ce_text block\">\n<div class=\"content2copy\">\n<div class=\"content2copy\">\n<p>We are not willing or obliged to participate in dispute resolution proceedings in front of a consumer arbitration board.<\/p>\n<\/div>\n<\/div>\n<\/div>\n<\/div><\/section>\n<\/div><\/div><\/div><!-- close content main div --><\/div><\/div>\n<style type=\"text\/css\" data-created_by=\"avia_inline_auto\" id=\"style-css-av-av_section-c09f3e1b349cff3f9e82bbdf056c2255\">\n.avia-section.av-av_section-c09f3e1b349cff3f9e82bbdf056c2255{\nbackground-color:#f7f7f7;\nbackground-image:unset;\nmargin-top:0px;\nmargin-bottom:0px;\n}\n<\/style>\n<div id='av_section_1'  class='avia-section av-av_section-c09f3e1b349cff3f9e82bbdf056c2255 main_color avia-section-default avia-no-shadow  avia-builder-el-13  el_after_av_textblock  avia-builder-el-last  toggle-footer avia-bg-style-scroll container_wrap fullsize'  ><div class='container av-section-cont-open' ><div class='template-page content  av-content-full alpha units'><div class='post-entry post-entry-type-page post-entry-53'><div class='entry-content-wrapper clearfix'>\n\n<style type=\"text\/css\" data-created_by=\"avia_inline_auto\" id=\"style-css-av-av_textblock-f0a4b95cddfed49239519a794b2b2ab2\">\n#top .av_textblock_section.av-av_textblock-f0a4b95cddfed49239519a794b2b2ab2 .avia_textblock{\nfont-size:14px;\ntext-align:right;\n}\n<\/style>\n<section  class='av_textblock_section av-av_textblock-f0a4b95cddfed49239519a794b2b2ab2 '   itemscope=\"itemscope\" itemtype=\"https:\/\/schema.org\/CreativeWork\" ><div class='avia_textblock'  itemprop=\"text\" ><p style=\"text-align: right;\"><i class=\"fa-solid fa-list\"><\/i> \u00a0Sitemap<\/p>\n<\/div><\/section>\n\n","protected":false},"excerpt":{"rendered":"","protected":false},"author":1,"featured_media":0,"parent":0,"menu_order":0,"comment_status":"closed","ping_status":"closed","template":"","meta":{"footnotes":""},"folder":[],"class_list":["post-53","page","type-page","status-publish","hentry"],"yoast_head":"<!-- This site is optimized with the Yoast SEO plugin v27.3 - https:\/\/yoast.com\/product\/yoast-seo-wordpress\/ -->\n<title>Imprint - EN | Klinikum D\u00f6beln<\/title>\n<meta name=\"robots\" content=\"index, follow, max-snippet:-1, max-image-preview:large, max-video-preview:-1\" \/>\n<link rel=\"canonical\" href=\"https:\/\/klinikum-doebeln.de\/en\/imprint\/\" \/>\n<meta property=\"og:locale\" content=\"de_DE\" \/>\n<meta property=\"og:type\" content=\"article\" \/>\n<meta property=\"og:title\" content=\"Imprint - EN | Klinikum D\u00f6beln\" \/>\n<meta property=\"og:url\" content=\"https:\/\/klinikum-doebeln.de\/en\/imprint\/\" \/>\n<meta property=\"og:site_name\" content=\"EN | Klinikum D\u00f6beln\" \/>\n<meta property=\"article:modified_time\" content=\"2024-11-29T10:28:54+00:00\" \/>\n<meta name=\"twitter:card\" content=\"summary_large_image\" \/>\n<meta name=\"twitter:label1\" content=\"Gesch\u00e4tzte Lesezeit\" \/>\n\t<meta name=\"twitter:data1\" content=\"1\u00a0Minute\" \/>\n<script type=\"application\/ld+json\" class=\"yoast-schema-graph\">{\"@context\":\"https:\\\/\\\/schema.org\",\"@graph\":[{\"@type\":\"WebPage\",\"@id\":\"https:\\\/\\\/klinikum-doebeln.de\\\/en\\\/imprint\\\/\",\"url\":\"https:\\\/\\\/klinikum-doebeln.de\\\/en\\\/imprint\\\/\",\"name\":\"Imprint - EN | Klinikum D\u00f6beln\",\"isPartOf\":{\"@id\":\"https:\\\/\\\/klinikum-doebeln.de\\\/en\\\/#website\"},\"datePublished\":\"2024-11-27T13:35:13+00:00\",\"dateModified\":\"2024-11-29T10:28:54+00:00\",\"breadcrumb\":{\"@id\":\"https:\\\/\\\/klinikum-doebeln.de\\\/en\\\/imprint\\\/#breadcrumb\"},\"inLanguage\":\"de\",\"potentialAction\":[{\"@type\":\"ReadAction\",\"target\":[\"https:\\\/\\\/klinikum-doebeln.de\\\/en\\\/imprint\\\/\"]}]},{\"@type\":\"BreadcrumbList\",\"@id\":\"https:\\\/\\\/klinikum-doebeln.de\\\/en\\\/imprint\\\/#breadcrumb\",\"itemListElement\":[{\"@type\":\"ListItem\",\"position\":1,\"name\":\"Home\",\"item\":\"https:\\\/\\\/klinikum-doebeln.de\\\/en\\\/\"},{\"@type\":\"ListItem\",\"position\":2,\"name\":\"Imprint\"}]},{\"@type\":\"WebSite\",\"@id\":\"https:\\\/\\\/klinikum-doebeln.de\\\/en\\\/#website\",\"url\":\"https:\\\/\\\/klinikum-doebeln.de\\\/en\\\/\",\"name\":\"EN | Klinikum D\u00f6beln\",\"description\":\"\",\"potentialAction\":[{\"@type\":\"SearchAction\",\"target\":{\"@type\":\"EntryPoint\",\"urlTemplate\":\"https:\\\/\\\/klinikum-doebeln.de\\\/en\\\/?s={search_term_string}\"},\"query-input\":{\"@type\":\"PropertyValueSpecification\",\"valueRequired\":true,\"valueName\":\"search_term_string\"}}],\"inLanguage\":\"de\"}]}<\/script>\n<!-- \/ Yoast SEO plugin. -->","yoast_head_json":{"title":"Imprint - EN | Klinikum D\u00f6beln","robots":{"index":"index","follow":"follow","max-snippet":"max-snippet:-1","max-image-preview":"max-image-preview:large","max-video-preview":"max-video-preview:-1"},"canonical":"https:\/\/klinikum-doebeln.de\/en\/imprint\/","og_locale":"de_DE","og_type":"article","og_title":"Imprint - EN | Klinikum D\u00f6beln","og_url":"https:\/\/klinikum-doebeln.de\/en\/imprint\/","og_site_name":"EN | Klinikum D\u00f6beln","article_modified_time":"2024-11-29T10:28:54+00:00","twitter_card":"summary_large_image","twitter_misc":{"Gesch\u00e4tzte Lesezeit":"1\u00a0Minute"},"schema":{"@context":"https:\/\/schema.org","@graph":[{"@type":"WebPage","@id":"https:\/\/klinikum-doebeln.de\/en\/imprint\/","url":"https:\/\/klinikum-doebeln.de\/en\/imprint\/","name":"Imprint - EN | Klinikum D\u00f6beln","isPartOf":{"@id":"https:\/\/klinikum-doebeln.de\/en\/#website"},"datePublished":"2024-11-27T13:35:13+00:00","dateModified":"2024-11-29T10:28:54+00:00","breadcrumb":{"@id":"https:\/\/klinikum-doebeln.de\/en\/imprint\/#breadcrumb"},"inLanguage":"de","potentialAction":[{"@type":"ReadAction","target":["https:\/\/klinikum-doebeln.de\/en\/imprint\/"]}]},{"@type":"BreadcrumbList","@id":"https:\/\/klinikum-doebeln.de\/en\/imprint\/#breadcrumb","itemListElement":[{"@type":"ListItem","position":1,"name":"Home","item":"https:\/\/klinikum-doebeln.de\/en\/"},{"@type":"ListItem","position":2,"name":"Imprint"}]},{"@type":"WebSite","@id":"https:\/\/klinikum-doebeln.de\/en\/#website","url":"https:\/\/klinikum-doebeln.de\/en\/","name":"EN | Klinikum D\u00f6beln","description":"","potentialAction":[{"@type":"SearchAction","target":{"@type":"EntryPoint","urlTemplate":"https:\/\/klinikum-doebeln.de\/en\/?s={search_term_string}"},"query-input":{"@type":"PropertyValueSpecification","valueRequired":true,"valueName":"search_term_string"}}],"inLanguage":"de"}]}},"_links":{"self":[{"href":"https:\/\/klinikum-doebeln.de\/en\/wp-json\/wp\/v2\/pages\/53","targetHints":{"allow":["GET"]}}],"collection":[{"href":"https:\/\/klinikum-doebeln.de\/en\/wp-json\/wp\/v2\/pages"}],"about":[{"href":"https:\/\/klinikum-doebeln.de\/en\/wp-json\/wp\/v2\/types\/page"}],"author":[{"embeddable":true,"href":"https:\/\/klinikum-doebeln.de\/en\/wp-json\/wp\/v2\/users\/1"}],"replies":[{"embeddable":true,"href":"https:\/\/klinikum-doebeln.de\/en\/wp-json\/wp\/v2\/comments?post=53"}],"version-history":[{"count":3,"href":"https:\/\/klinikum-doebeln.de\/en\/wp-json\/wp\/v2\/pages\/53\/revisions"}],"predecessor-version":[{"id":179,"href":"https:\/\/klinikum-doebeln.de\/en\/wp-json\/wp\/v2\/pages\/53\/revisions\/179"}],"wp:attachment":[{"href":"https:\/\/klinikum-doebeln.de\/en\/wp-json\/wp\/v2\/media?parent=53"}],"wp:term":[{"taxonomy":"folder","embeddable":true,"href":"https:\/\/klinikum-doebeln.de\/en\/wp-json\/wp\/v2\/folder?post=53"}],"curies":[{"name":"wp","href":"https:\/\/api.w.org\/{rel}","templated":true}]}}